{"id":170,"date":"2013-06-18T23:43:39","date_gmt":"2013-06-18T21:43:39","guid":{"rendered":"http:\/\/evg-osthessen.de\/?page_id=170"},"modified":"2021-12-14T21:24:19","modified_gmt":"2021-12-14T19:24:19","slug":"home","status":"publish","type":"page","link":"https:\/\/evg-osthessen.de\/","title":{"rendered":"Start"},"content":{"rendered":"<p>[et_pb_section fb_built=&#8220;1&#8243; fullwidth=&#8220;on&#8220; _builder_version=&#8220;4.14.2&#8243; global_colors_info=&#8220;{}&#8220; hover_enabled=&#8220;0&#8243; sticky_enabled=&#8220;0&#8243;][et_pb_fullwidth_slider _builder_version=&#8220;4.14.2&#8243; header_font=&#8220;||||||||&#8220; background_color=&#8220;#28a022&#8243; background_image=&#8220;https:\/\/evg-osthessen.de\/wp-content\/uploads\/2016\/03\/ADSCF3846.jpg&#8220; background_position=&#8220;top_left&#8220; auto=&#8220;on&#8220; auto_ignore_hover=&#8220;on&#8220; text_shadow_style=&#8220;preset2&#8243; text_shadow_blur_strength=&#8220;0.29em&#8220; text_shadow_color=&#8220;#000000&#8243; global_colors_info=&#8220;{}&#8220; button_text_size__hover_enabled=&#8220;off&#8220; button_one_text_size__hover_enabled=&#8220;off&#8220; button_two_text_size__hover_enabled=&#8220;off&#8220; button_text_color__hover_enabled=&#8220;off&#8220; button_one_text_color__hover_enabled=&#8220;off&#8220; button_two_text_color__hover_enabled=&#8220;off&#8220; button_border_width__hover_enabled=&#8220;off&#8220; button_one_border_width__hover_enabled=&#8220;off&#8220; button_two_border_width__hover_enabled=&#8220;off&#8220; button_border_color__hover_enabled=&#8220;off&#8220; button_one_border_color__hover_enabled=&#8220;off&#8220; button_two_border_color__hover_enabled=&#8220;off&#8220; button_border_radius__hover_enabled=&#8220;off&#8220; button_one_border_radius__hover_enabled=&#8220;off&#8220; button_two_border_radius__hover_enabled=&#8220;off&#8220; button_letter_spacing__hover_enabled=&#8220;off&#8220; button_one_letter_spacing__hover_enabled=&#8220;off&#8220; button_two_letter_spacing__hover_enabled=&#8220;off&#8220; button_bg_color__hover_enabled=&#8220;off&#8220; button_one_bg_color__hover_enabled=&#8220;off&#8220; button_two_bg_color__hover_enabled=&#8220;off&#8220; show_pagination=&#8220;off&#8220; show_arrows=&#8220;off&#8220; hover_enabled=&#8220;0&#8243; sticky_enabled=&#8220;0&#8243;][et_pb_slide heading=&#8220;Auf Wiedersehen&#8220; button_link=&#8220;https:\/\/evg-osthessen.de\/?page_id=4&#8243; _builder_version=&#8220;4.14.2&#8243; background_image=&#8220;https:\/\/evg-osthessen.de\/wp-content\/uploads\/2018\/08\/header.jpg&#8220; hover_enabled=&#8220;0&#8243; text_shadow_style=&#8220;preset1&#8243; global_colors_info=&#8220;{}&#8220; button_text_size__hover_enabled=&#8220;off&#8220; button_one_text_size__hover_enabled=&#8220;off&#8220; button_two_text_size__hover_enabled=&#8220;off&#8220; button_text_color__hover_enabled=&#8220;off&#8220; button_one_text_color__hover_enabled=&#8220;off&#8220; button_two_text_color__hover_enabled=&#8220;off&#8220; button_border_width__hover_enabled=&#8220;off&#8220; button_one_border_width__hover_enabled=&#8220;off&#8220; button_two_border_width__hover_enabled=&#8220;off&#8220; button_border_color__hover_enabled=&#8220;off&#8220; button_one_border_color__hover_enabled=&#8220;off&#8220; button_two_border_color__hover_enabled=&#8220;off&#8220; button_border_radius__hover_enabled=&#8220;off&#8220; button_one_border_radius__hover_enabled=&#8220;off&#8220; button_two_border_radius__hover_enabled=&#8220;off&#8220; button_letter_spacing__hover_enabled=&#8220;off&#8220; button_one_letter_spacing__hover_enabled=&#8220;off&#8220; button_two_letter_spacing__hover_enabled=&#8220;off&#8220; button_bg_color__hover_enabled=&#8220;off&#8220; button_one_bg_color__hover_enabled=&#8220;off&#8220; button_two_bg_color__hover_enabled=&#8220;off&#8220; sticky_transition=&#8220;on&#8220; sticky_enabled=&#8220;0&#8243;]<\/p>\n<p>Die gelbe R\u00fcbe ist nicht mehr<\/p>\n<p>[\/et_pb_slide][\/et_pb_fullwidth_slider][\/et_pb_section][et_pb_section fb_built=&#8220;1&#8243; _builder_version=&#8220;3.22&#8243; global_colors_info=&#8220;{}&#8220;][et_pb_row _builder_version=&#8220;3.25&#8243; background_size=&#8220;initial&#8220; background_position=&#8220;top_left&#8220; background_repeat=&#8220;repeat&#8220; global_colors_info=&#8220;{}&#8220;][et_pb_column type=&#8220;4_4&#8243; _builder_version=&#8220;3.25&#8243; custom_padding=&#8220;|||&#8220; global_colors_info=&#8220;{}&#8220; custom_padding__hover=&#8220;|||&#8220;][et_pb_text _builder_version=&#8220;3.27.4&#8243; background_size=&#8220;initial&#8220; background_position=&#8220;top_left&#8220; background_repeat=&#8220;repeat&#8220; custom_padding=&#8220;||1px|||&#8220; global_colors_info=&#8220;{}&#8220;]<\/p>\n<h2>Das wars mit der Gelben R\u00fcbe!<\/h2>\n<p>Wir waren die Erzeuger Verbraucher Gemeinschaft in Osthessen, ein selbstorganisiertes Projekt angegliedert an einen eingetragenen gemeinn\u00fctzigen <a href=\"http:\/\/www.taten-bank.de\">F\u00f6rderverein Kultur- und Umweltbildung<\/a>.<\/p>\n<p>Schweren Herzens haben wir unser liebgewonnenes Projekt im Herbst des Jahres 2021 beenden m\u00fcssen. Wir bedanken uns bei den Menschen, die bei uns ihre Lebensmittel bezogen haben, die sich auf die vielf\u00e4ltigsten Arten in dem Projekt eingebracht haben und diejenigen, welche die R\u00fcbe all die Jahre supported und am Leben gehalten haben&#8230;<\/p>\n<p>[\/et_pb_text][et_pb_gallery gallery_ids=&#8220;137,160,293,294,295,364,223,245,478,672&#8243; show_title_and_caption=&#8220;off&#8220; _builder_version=&#8220;3.12.2&#8243; global_colors_info=&#8220;{}&#8220;][\/et_pb_gallery][\/et_pb_column][\/et_pb_row][\/et_pb_section]<\/p>\n","protected":false},"excerpt":{"rendered":"<p>Die gelbe R\u00fcbe ist nicht mehrDas wars mit der Gelben R\u00fcbe! Wir waren die Erzeuger Verbraucher Gemeinschaft in Osthessen, ein selbstorganisiertes Projekt angegliedert an einen eingetragenen gemeinn\u00fctzigen F\u00f6rderverein Kultur- und Umweltbildung. Schweren Herzens haben wir unser liebgewonnenes Projekt im Herbst des Jahres 2021 beenden m\u00fcssen. Wir bedanken uns bei den Menschen, die bei uns ihre [&hellip;]<\/p>\n","protected":false},"author":1,"featured_media":0,"parent":0,"menu_order":1,"comment_status":"closed","ping_status":"closed","template":"","meta":{"_et_pb_use_builder":"on","_et_pb_old_content":"<h2>Willkommen bei der Gelben R\u00fcbe!<\/h2>\nWir sind die Erzeuger Verbraucher Gemeinschaft in Osthessen, ein selbstorganisiertes Projekt angegliedert an einen eingetragenen gemeinn\u00fctzigen <a href=\"http:\/\/www.taten-bank.de\">F\u00f6rderverein Kultur- und Umweltbildung<\/a>.\n\nUm sich ein genaues Bild unseres Projekts zu machen, braucht es sicher ein paar Minuten auf unserer Webseite. Oder aber Sie kommen direkt zu uns in unseren Laden in Fulda. F\u00fcrs erste sind Sie aber ja nun mal hier gelandet und da haben wir zun\u00e4chst ein paar Impressionen rund um die R\u00fcbe zusammengestellt:\n\n[gallery type=\"rectangular\" link=\"file\" ids=\"149,137,293,294,295,296,297,298,299,300,301,223\"]\n<h2>Hier finden Sie unseren Laden!<\/h2>\nDie Adresse ist die:\n<h4>Lindenstr. 2<\/h4>\n<h4>36037 Fulda<\/h4>\nTel.: 0157 7121 2997\n<h3><strong>\u00d6ffnungszeiten:<\/strong><\/h3>\nDonnerstags von 17:30 bis 19:00 Uhr\n\n<iframe src=\"https:\/\/www.google.com\/maps\/d\/embed?mid=1aQuBFij4CODWiZxetuC2l8VDlrQ\" width=\"600\" height=\"420\"><\/iframe>\n<small><a style=\"color: #0000ff; text-align: left;\" href=\"https:\/\/drive.google.com\/open?id=1aQuBFij4CODWiZxetuC2l8VDlrQ&amp;usp=sharing\">Gelbe R\u00fcbe Erzeuger<\/a> auf einer gr\u00f6\u00dferen Karte anzeigen<\/small>","_et_gb_content_width":"","_links_to":"","_links_to_target":""},"_links":{"self":[{"href":"https:\/\/evg-osthessen.de\/index.php?rest_route=\/wp\/v2\/pages\/170"}],"collection":[{"href":"https:\/\/evg-osthessen.de\/index.php?rest_route=\/wp\/v2\/pages"}],"about":[{"href":"https:\/\/evg-osthessen.de\/index.php?rest_route=\/wp\/v2\/types\/page"}],"author":[{"embeddable":true,"href":"https:\/\/evg-osthessen.de\/index.php?rest_route=\/wp\/v2\/users\/1"}],"replies":[{"embeddable":true,"href":"https:\/\/evg-osthessen.de\/index.php?rest_route=%2Fwp%2Fv2%2Fcomments&post=170"}],"version-history":[{"count":83,"href":"https:\/\/evg-osthessen.de\/index.php?rest_route=\/wp\/v2\/pages\/170\/revisions"}],"predecessor-version":[{"id":1050,"href":"https:\/\/evg-osthessen.de\/index.php?rest_route=\/wp\/v2\/pages\/170\/revisions\/1050"}],"wp:attachment":[{"href":"https:\/\/evg-osthessen.de\/index.php?rest_route=%2Fwp%2Fv2%2Fmedia&parent=170"}],"curies":[{"name":"wp","href":"https:\/\/api.w.org\/{rel}","templated":true}]}}