{"id":24,"date":"2012-12-28T17:07:26","date_gmt":"2012-12-28T15:07:26","guid":{"rendered":"http:\/\/evg-osthessen.de\/?page_id=24"},"modified":"2016-12-02T16:14:26","modified_gmt":"2016-12-02T14:14:26","slug":"impressum","status":"publish","type":"page","link":"https:\/\/evg-osthessen.de\/?page_id=24","title":{"rendered":"Impressum"},"content":{"rendered":"<p><a href=\"http:\/\/www.taten-bank.de\">F\u00f6rderverein Kultur- &amp; Umweltbildung e.V.<\/a><\/p>\n<p>Steuer-Nr.: 02 250 552 39<\/p>\n<p>Vorstand:\u00a0 Stefanie Krecek, Renate Hadwiger und Timo Schadt<br \/>\nFeldstr. 11 \u2013 36166 Haunetal<br \/>\nFon 06673 &#8211; 91 84 63, Fax 06673 &#8211; 91 84 65<\/p>\n<p>Inhaltlich Verantwortlicher gem\u00e4\u00df \u00a7 6 MDStV: Timo Schadt<br \/>\nHaftungshinweis: Trotz sorgf\u00e4ltiger inhaltlicher Kontrolle \u00fcbernehmen wir keine Haftung f\u00fcr die Inhalte externer Links. F\u00fcr den Inhalt der verlinkten Seiten sind ausschlie\u00dflich deren Betreiber verantwortlich.<\/p>\n<p>Betreuung: <a href=\"http:\/\/markus-weber.info\">Markus Weber<\/a>\/ <a href=\"http:\/\/www.projektmacher.de\">Die Projektmachter<\/a><\/p>\n","protected":false},"excerpt":{"rendered":"<p>F\u00f6rderverein Kultur- &amp; Umweltbildung e.V. Steuer-Nr.: 02 250 552 39 Vorstand:\u00a0 Stefanie Krecek, Renate Hadwiger und Timo Schadt Feldstr. 11 \u2013 36166 Haunetal Fon 06673 &#8211; 91 84 63, Fax 06673 &#8211; 91 84 65 Inhaltlich Verantwortlicher gem\u00e4\u00df \u00a7 6 MDStV: Timo Schadt Haftungshinweis: Trotz sorgf\u00e4ltiger inhaltlicher Kontrolle \u00fcbernehmen wir keine Haftung f\u00fcr die Inhalte [&hellip;]<\/p>\n","protected":false},"author":1,"featured_media":0,"parent":0,"menu_order":10,"comment_status":"closed","ping_status":"closed","template":"","meta":{"_et_pb_use_builder":"","_et_pb_old_content":"","_et_gb_content_width":"","_links_to":"","_links_to_target":""},"_links":{"self":[{"href":"https:\/\/evg-osthessen.de\/index.php?rest_route=\/wp\/v2\/pages\/24"}],"collection":[{"href":"https:\/\/evg-osthessen.de\/index.php?rest_route=\/wp\/v2\/pages"}],"about":[{"href":"https:\/\/evg-osthessen.de\/index.php?rest_route=\/wp\/v2\/types\/page"}],"author":[{"embeddable":true,"href":"https:\/\/evg-osthessen.de\/index.php?rest_route=\/wp\/v2\/users\/1"}],"replies":[{"embeddable":true,"href":"https:\/\/evg-osthessen.de\/index.php?rest_route=%2Fwp%2Fv2%2Fcomments&post=24"}],"version-history":[{"count":7,"href":"https:\/\/evg-osthessen.de\/index.php?rest_route=\/wp\/v2\/pages\/24\/revisions"}],"predecessor-version":[{"id":521,"href":"https:\/\/evg-osthessen.de\/index.php?rest_route=\/wp\/v2\/pages\/24\/revisions\/521"}],"wp:attachment":[{"href":"https:\/\/evg-osthessen.de\/index.php?rest_route=%2Fwp%2Fv2%2Fmedia&parent=24"}],"curies":[{"name":"wp","href":"https:\/\/api.w.org\/{rel}","templated":true}]}}